{"id":86,"date":"2023-06-27T18:23:25","date_gmt":"2023-06-27T18:23:25","guid":{"rendered":"http:\/\/www.xn--wohlfhlberatung-3vb.de\/?page_id=86"},"modified":"2023-08-01T18:37:19","modified_gmt":"2023-08-01T18:37:19","slug":"aetherische-oele","status":"publish","type":"page","link":"https:\/\/www.birgit-dethof.de\/?page_id=86","title":{"rendered":"\u00c4therische \u00d6le"},"content":{"rendered":"\n<p>Seit meiner Schwangerschaft 2019 bin ich in die Welt der \u00e4therischen \u00d6le eingetaucht und liebe diese wunderbaren \u00d6le und \u00d6lmischungen. Es ist unglaublich, welche Wirkkraft die \u00e4therischen \u00d6le von d\u014dTERRA haben. <\/p>\n\n\n\n<p>Gerade im 1. Jahr mit Baby haben mich die \u00d6le enorm unterst\u00fctzt. Sowohl mich als auch meine Familie. Unser Sohn f\u00fchlt sich sehr wohl mit den \u00d6len. Auch dank ihnen hat er von Anfang an gut geschlafen und wir lieben den Duft von Lavendel im Schlafzimmer. <\/p>\n\n\n\n<p>Warum d\u014dTERRA?<br>Der Begriff d\u014dTERRA kommt aus dem Lateinischen und bedeutet \u201eGeschenk der Erde\u201c. Die Firma wurde 2008 mit der&nbsp;Vision&nbsp;gegr\u00fcndet, die reinsten und besten \u00e4therischen \u00d6le zu finden, die die Natur zu bieten hat. Die&nbsp;getestete Reinheit&nbsp;der \u00d6le bildet den Grundpfeiler von d\u014dTERRA und macht sie einzigartig auf der Welt.<\/p>\n\n\n\n<p>Die \u00e4therischen \u00d6le von d\u014dTERRA unterliegen strengen Pr\u00fcfverfahren. Sie enthalten keine F\u00fcllstoffe, keine k\u00fcnstlichen Zus\u00e4tze und sind frei von Verunreinigungen wie Pestiziden und chemischen R\u00fcckst\u00e4nden. Deshalb geh\u00f6ren sie zu den sichersten und heilsamsten \u00d6len, die weltweit erh\u00e4ltlich sind.<\/p>\n\n\n\n<p>Wenn du die \u00d6le einfach mal ausprobieren m\u00f6chtest, melde dich gerne bei mir und ich schaue, was passende \u00d6lproben f\u00fcr dich sein k\u00f6nnten.<\/p>\n","protected":false},"excerpt":{"rendered":"<p>Seit meiner Schwangerschaft 2019 bin ich in die Welt der \u00e4therischen \u00d6le eingetaucht und liebe diese wunderbaren \u00d6le und \u00d6lmischungen. Es ist unglaublich, welche Wirkkraft die \u00e4therischen \u00d6le von d\u014dTERRA haben. Gerade im 1. Jahr mit Baby haben mich die \u00d6le enorm unterst\u00fctzt. Sowohl mich als auch meine Familie. Unser Sohn f\u00fchlt sich sehr wohl &hellip; <\/p>\n<p class=\"link-more\"><a href=\"https:\/\/www.birgit-dethof.de\/?page_id=86\" class=\"more-link\"><span class=\"screen-reader-text\">\u201e\u00c4therische \u00d6le\u201c<\/span> weiterlesen<\/a><\/p>\n","protected":false},"author":1,"featured_media":108,"parent":0,"menu_order":0,"comment_status":"closed","ping_status":"closed","template":"","meta":{"footnotes":""},"class_list":["post-86","page","type-page","status-publish","has-post-thumbnail","hentry"],"yoast_head":"<!-- This site is optimized with the Yoast SEO plugin v25.9 - https:\/\/yoast.com\/wordpress\/plugins\/seo\/ -->\n<title>\u00c4therische \u00d6le - Wohlf&uuml;hlberatung<\/title>\n<meta name=\"robots\" content=\"index, follow, max-snippet:-1, max-image-preview:large, max-video-preview:-1\" \/>\n<link rel=\"canonical\" href=\"http:\/\/www.birgit-dethof.de\/?page_id=86\" \/>\n<meta property=\"og:locale\" content=\"de_DE\" \/>\n<meta property=\"og:type\" content=\"article\" \/>\n<meta property=\"og:title\" content=\"\u00c4therische \u00d6le - Wohlf&uuml;hlberatung\" \/>\n<meta property=\"og:description\" content=\"Seit meiner Schwangerschaft 2019 bin ich in die Welt der \u00e4therischen \u00d6le eingetaucht und liebe diese wunderbaren \u00d6le und \u00d6lmischungen. Es ist unglaublich, welche Wirkkraft die \u00e4therischen \u00d6le von d\u014dTERRA haben. Gerade im 1. Jahr mit Baby haben mich die \u00d6le enorm unterst\u00fctzt. Sowohl mich als auch meine Familie. Unser Sohn f\u00fchlt sich sehr wohl &hellip; \u201e\u00c4therische \u00d6le\u201c weiterlesen\" \/>\n<meta property=\"og:url\" content=\"http:\/\/www.birgit-dethof.de\/?page_id=86\" \/>\n<meta property=\"og:site_name\" content=\"Wohlf&uuml;hlberatung\" \/>\n<meta property=\"article:modified_time\" content=\"2023-08-01T18:37:19+00:00\" \/>\n<meta property=\"og:image\" content=\"http:\/\/www.birgit-dethof.de\/wp-content\/uploads\/2023\/07\/Lavendel_st_1034725591-1024x287.png\" \/>\n\t<meta property=\"og:image:width\" content=\"1024\" \/>\n\t<meta property=\"og:image:height\" content=\"287\" \/>\n\t<meta property=\"og:image:type\" content=\"image\/png\" \/>\n<meta name=\"twitter:card\" content=\"summary_large_image\" \/>\n<meta name=\"twitter:label1\" content=\"Gesch\u00e4tzte Lesezeit\" \/>\n\t<meta name=\"twitter:data1\" content=\"1\u00a0Minute\" \/>\n<script type=\"application\/ld+json\" class=\"yoast-schema-graph\">{\"@context\":\"https:\/\/schema.org\",\"@graph\":[{\"@type\":\"WebPage\",\"@id\":\"http:\/\/www.birgit-dethof.de\/?page_id=86\",\"url\":\"http:\/\/www.birgit-dethof.de\/?page_id=86\",\"name\":\"\u00c4therische \u00d6le - Wohlf&uuml;hlberatung\",\"isPartOf\":{\"@id\":\"http:\/\/www.birgit-dethof.de\/#website\"},\"primaryImageOfPage\":{\"@id\":\"http:\/\/www.birgit-dethof.de\/?page_id=86#primaryimage\"},\"image\":{\"@id\":\"http:\/\/www.birgit-dethof.de\/?page_id=86#primaryimage\"},\"thumbnailUrl\":\"https:\/\/www.birgit-dethof.de\/wp-content\/uploads\/2023\/07\/Lavendel_st_1034725591.png\",\"datePublished\":\"2023-06-27T18:23:25+00:00\",\"dateModified\":\"2023-08-01T18:37:19+00:00\",\"breadcrumb\":{\"@id\":\"http:\/\/www.birgit-dethof.de\/?page_id=86#breadcrumb\"},\"inLanguage\":\"de\",\"potentialAction\":[{\"@type\":\"ReadAction\",\"target\":[\"http:\/\/www.birgit-dethof.de\/?page_id=86\"]}]},{\"@type\":\"ImageObject\",\"inLanguage\":\"de\",\"@id\":\"http:\/\/www.birgit-dethof.de\/?page_id=86#primaryimage\",\"url\":\"https:\/\/www.birgit-dethof.de\/wp-content\/uploads\/2023\/07\/Lavendel_st_1034725591.png\",\"contentUrl\":\"https:\/\/www.birgit-dethof.de\/wp-content\/uploads\/2023\/07\/Lavendel_st_1034725591.png\",\"width\":10234,\"height\":2871},{\"@type\":\"BreadcrumbList\",\"@id\":\"http:\/\/www.birgit-dethof.de\/?page_id=86#breadcrumb\",\"itemListElement\":[{\"@type\":\"ListItem\",\"position\":1,\"name\":\"Startseite\",\"item\":\"http:\/\/www.birgit-dethof.de\/\"},{\"@type\":\"ListItem\",\"position\":2,\"name\":\"\u00c4therische \u00d6le\"}]},{\"@type\":\"WebSite\",\"@id\":\"http:\/\/www.birgit-dethof.de\/#website\",\"url\":\"http:\/\/www.birgit-dethof.de\/\",\"name\":\"Wohlf&uuml;hlberatung\",\"description\":\"Intuitive Ern&auml;hrung, Mamafitness, &auml;therische &Ouml;le und mehr&hellip;\",\"potentialAction\":[{\"@type\":\"SearchAction\",\"target\":{\"@type\":\"EntryPoint\",\"urlTemplate\":\"http:\/\/www.birgit-dethof.de\/?s={search_term_string}\"},\"query-input\":{\"@type\":\"PropertyValueSpecification\",\"valueRequired\":true,\"valueName\":\"search_term_string\"}}],\"inLanguage\":\"de\"}]}<\/script>\n<!-- \/ Yoast SEO plugin. -->","yoast_head_json":{"title":"\u00c4therische \u00d6le - Wohlf&uuml;hlberatung","robots":{"index":"index","follow":"follow","max-snippet":"max-snippet:-1","max-image-preview":"max-image-preview:large","max-video-preview":"max-video-preview:-1"},"canonical":"http:\/\/www.birgit-dethof.de\/?page_id=86","og_locale":"de_DE","og_type":"article","og_title":"\u00c4therische \u00d6le - Wohlf&uuml;hlberatung","og_description":"Seit meiner Schwangerschaft 2019 bin ich in die Welt der \u00e4therischen \u00d6le eingetaucht und liebe diese wunderbaren \u00d6le und \u00d6lmischungen. Es ist unglaublich, welche Wirkkraft die \u00e4therischen \u00d6le von d\u014dTERRA haben. Gerade im 1. Jahr mit Baby haben mich die \u00d6le enorm unterst\u00fctzt. Sowohl mich als auch meine Familie. Unser Sohn f\u00fchlt sich sehr wohl &hellip; \u201e\u00c4therische \u00d6le\u201c weiterlesen","og_url":"http:\/\/www.birgit-dethof.de\/?page_id=86","og_site_name":"Wohlf&uuml;hlberatung","article_modified_time":"2023-08-01T18:37:19+00:00","og_image":[{"width":1024,"height":287,"url":"http:\/\/www.birgit-dethof.de\/wp-content\/uploads\/2023\/07\/Lavendel_st_1034725591-1024x287.png","type":"image\/png"}],"twitter_card":"summary_large_image","twitter_misc":{"Gesch\u00e4tzte Lesezeit":"1\u00a0Minute"},"schema":{"@context":"https:\/\/schema.org","@graph":[{"@type":"WebPage","@id":"http:\/\/www.birgit-dethof.de\/?page_id=86","url":"http:\/\/www.birgit-dethof.de\/?page_id=86","name":"\u00c4therische \u00d6le - Wohlf&uuml;hlberatung","isPartOf":{"@id":"http:\/\/www.birgit-dethof.de\/#website"},"primaryImageOfPage":{"@id":"http:\/\/www.birgit-dethof.de\/?page_id=86#primaryimage"},"image":{"@id":"http:\/\/www.birgit-dethof.de\/?page_id=86#primaryimage"},"thumbnailUrl":"https:\/\/www.birgit-dethof.de\/wp-content\/uploads\/2023\/07\/Lavendel_st_1034725591.png","datePublished":"2023-06-27T18:23:25+00:00","dateModified":"2023-08-01T18:37:19+00:00","breadcrumb":{"@id":"http:\/\/www.birgit-dethof.de\/?page_id=86#breadcrumb"},"inLanguage":"de","potentialAction":[{"@type":"ReadAction","target":["http:\/\/www.birgit-dethof.de\/?page_id=86"]}]},{"@type":"ImageObject","inLanguage":"de","@id":"http:\/\/www.birgit-dethof.de\/?page_id=86#primaryimage","url":"https:\/\/www.birgit-dethof.de\/wp-content\/uploads\/2023\/07\/Lavendel_st_1034725591.png","contentUrl":"https:\/\/www.birgit-dethof.de\/wp-content\/uploads\/2023\/07\/Lavendel_st_1034725591.png","width":10234,"height":2871},{"@type":"BreadcrumbList","@id":"http:\/\/www.birgit-dethof.de\/?page_id=86#breadcrumb","itemListElement":[{"@type":"ListItem","position":1,"name":"Startseite","item":"http:\/\/www.birgit-dethof.de\/"},{"@type":"ListItem","position":2,"name":"\u00c4therische \u00d6le"}]},{"@type":"WebSite","@id":"http:\/\/www.birgit-dethof.de\/#website","url":"http:\/\/www.birgit-dethof.de\/","name":"Wohlf&uuml;hlberatung","description":"Intuitive Ern&auml;hrung, Mamafitness, &auml;therische &Ouml;le und mehr&hellip;","potentialAction":[{"@type":"SearchAction","target":{"@type":"EntryPoint","urlTemplate":"http:\/\/www.birgit-dethof.de\/?s={search_term_string}"},"query-input":{"@type":"PropertyValueSpecification","valueRequired":true,"valueName":"search_term_string"}}],"inLanguage":"de"}]}},"_links":{"self":[{"href":"https:\/\/www.birgit-dethof.de\/index.php?rest_route=\/wp\/v2\/pages\/86","targetHints":{"allow":["GET"]}}],"collection":[{"href":"https:\/\/www.birgit-dethof.de\/index.php?rest_route=\/wp\/v2\/pages"}],"about":[{"href":"https:\/\/www.birgit-dethof.de\/index.php?rest_route=\/wp\/v2\/types\/page"}],"author":[{"embeddable":true,"href":"https:\/\/www.birgit-dethof.de\/index.php?rest_route=\/wp\/v2\/users\/1"}],"replies":[{"embeddable":true,"href":"https:\/\/www.birgit-dethof.de\/index.php?rest_route=%2Fwp%2Fv2%2Fcomments&post=86"}],"version-history":[{"count":6,"href":"https:\/\/www.birgit-dethof.de\/index.php?rest_route=\/wp\/v2\/pages\/86\/revisions"}],"predecessor-version":[{"id":156,"href":"https:\/\/www.birgit-dethof.de\/index.php?rest_route=\/wp\/v2\/pages\/86\/revisions\/156"}],"wp:featuredmedia":[{"embeddable":true,"href":"https:\/\/www.birgit-dethof.de\/index.php?rest_route=\/wp\/v2\/media\/108"}],"wp:attachment":[{"href":"https:\/\/www.birgit-dethof.de\/index.php?rest_route=%2Fwp%2Fv2%2Fmedia&parent=86"}],"curies":[{"name":"wp","href":"https:\/\/api.w.org\/{rel}","templated":true}]}}