{"id":84,"date":"2023-06-27T18:23:25","date_gmt":"2023-06-27T18:23:25","guid":{"rendered":"http:\/\/www.birgit-dethof.de\/?page_id=84"},"modified":"2026-04-11T17:52:10","modified_gmt":"2026-04-11T17:52:10","slug":"mamafitness","status":"publish","type":"page","link":"https:\/\/www.birgit-dethof.de\/?page_id=84","title":{"rendered":"Mamafitness"},"content":{"rendered":"\n<p>2019 habe ich eine Weiterbildung zur pr\u00e4- und postnatalen Fitnesstrainerin bei SuperMamaFitness gemacht. Ich biete Outdoorfitnesskurse sowohl mit Kinderwagen als auch nur f\u00fcr Mamas an. Wir treffen uns am L\u00fctterbeach in Niederkr\u00fcchten, walken oder joggen jeweils ein St\u00fcck und kr\u00e4ftigen unseren K\u00f6rper mit mehreren Krafteinheiten. Demn\u00e4chst gibt es auch Pilateskurse mit Baby und Schwangerenyoga.<\/p>\n\n\n\n<p>Ich finde es sehr wichtig als frisch gebackene Mama andere Mamas kennenzulernen, euch auszutauschen und dabei gemeinsam Sport zu machen. Ihr braucht daf\u00fcr keinen Babysitter, sondern bringt euer Baby oder Kleinkind einfach mit und integriert es in die Sporteinheiten.<\/p>\n\n\n\n<p>Gerade Bewegung an der frischen Luft tut mir total gut und ich liebe den Hariksee vor meiner Haust\u00fcr.<\/p>\n\n\n\n<p>Ich freue mich auf dich in einem meiner Sportkurse!<\/p>\n\n\n\n<p>Outdoorfitness mit Kinderwagen: <br>Freitags von 9:30-10:45<br>Start: 17.04.26 (8x)<br>L\u00fctterbeach Niederkr\u00fcchten<\/p>\n\n\n\n<p>Schwangerenyoga:<br>Mittwochs 19:00-20:15<br>Start: 03.06.26 (8x)<br>Familienzentrum Anna Polmans<\/p>\n\n\n\n<p>Pilates mit Baby<br>Dienstags 09:00-10:00<br>Start: 08.09.26 (8x)<br>Familienzentrum Anna Polmans<\/p>\n","protected":false},"excerpt":{"rendered":"<p>2019 habe ich eine Weiterbildung zur pr\u00e4- und postnatalen Fitnesstrainerin bei SuperMamaFitness gemacht. Ich biete Outdoorfitnesskurse sowohl mit Kinderwagen als auch nur f\u00fcr Mamas an. Wir treffen uns am L\u00fctterbeach in Niederkr\u00fcchten, walken oder joggen jeweils ein St\u00fcck und kr\u00e4ftigen unseren K\u00f6rper mit mehreren Krafteinheiten. Demn\u00e4chst gibt es auch Pilateskurse mit Baby und Schwangerenyoga. Ich &hellip; <\/p>\n<p class=\"link-more\"><a href=\"https:\/\/www.birgit-dethof.de\/?page_id=84\" class=\"more-link\"><span class=\"screen-reader-text\">\u201eMamafitness\u201c<\/span> weiterlesen<\/a><\/p>\n","protected":false},"author":1,"featured_media":107,"parent":0,"menu_order":0,"comment_status":"closed","ping_status":"closed","template":"","meta":{"footnotes":""},"class_list":["post-84","page","type-page","status-publish","has-post-thumbnail","hentry"],"yoast_head":"<!-- This site is optimized with the Yoast SEO plugin v25.9 - https:\/\/yoast.com\/wordpress\/plugins\/seo\/ -->\n<title>Mamafitness - Wohlf&uuml;hlberatung<\/title>\n<meta name=\"robots\" content=\"index, follow, max-snippet:-1, max-image-preview:large, max-video-preview:-1\" \/>\n<link rel=\"canonical\" href=\"http:\/\/www.birgit-dethof.de\/?page_id=84\" \/>\n<meta property=\"og:locale\" content=\"de_DE\" \/>\n<meta property=\"og:type\" content=\"article\" \/>\n<meta property=\"og:title\" content=\"Mamafitness - Wohlf&uuml;hlberatung\" \/>\n<meta property=\"og:description\" content=\"2019 habe ich eine Weiterbildung zur pr\u00e4- und postnatalen Fitnesstrainerin bei SuperMamaFitness gemacht. Ich biete Outdoorfitnesskurse sowohl mit Kinderwagen als auch nur f\u00fcr Mamas an. Wir treffen uns am L\u00fctterbeach in Niederkr\u00fcchten, walken oder joggen jeweils ein St\u00fcck und kr\u00e4ftigen unseren K\u00f6rper mit mehreren Krafteinheiten. Demn\u00e4chst gibt es auch Pilateskurse mit Baby und Schwangerenyoga. Ich &hellip; \u201eMamafitness\u201c weiterlesen\" \/>\n<meta property=\"og:url\" content=\"http:\/\/www.birgit-dethof.de\/?page_id=84\" \/>\n<meta property=\"og:site_name\" content=\"Wohlf&uuml;hlberatung\" \/>\n<meta property=\"article:modified_time\" content=\"2026-04-11T17:52:10+00:00\" \/>\n<meta property=\"og:image\" content=\"http:\/\/www.birgit-dethof.de\/wp-content\/uploads\/2023\/06\/SMF-1-1024x614.png\" \/>\n\t<meta property=\"og:image:width\" content=\"1024\" \/>\n\t<meta property=\"og:image:height\" content=\"614\" \/>\n\t<meta property=\"og:image:type\" content=\"image\/png\" \/>\n<meta name=\"twitter:card\" content=\"summary_large_image\" \/>\n<meta name=\"twitter:label1\" content=\"Gesch\u00e4tzte Lesezeit\" \/>\n\t<meta name=\"twitter:data1\" content=\"2\u00a0Minuten\" \/>\n<script type=\"application\/ld+json\" class=\"yoast-schema-graph\">{\"@context\":\"https:\/\/schema.org\",\"@graph\":[{\"@type\":\"WebPage\",\"@id\":\"http:\/\/www.birgit-dethof.de\/?page_id=84\",\"url\":\"http:\/\/www.birgit-dethof.de\/?page_id=84\",\"name\":\"Mamafitness - Wohlf&uuml;hlberatung\",\"isPartOf\":{\"@id\":\"http:\/\/www.birgit-dethof.de\/#website\"},\"primaryImageOfPage\":{\"@id\":\"http:\/\/www.birgit-dethof.de\/?page_id=84#primaryimage\"},\"image\":{\"@id\":\"http:\/\/www.birgit-dethof.de\/?page_id=84#primaryimage\"},\"thumbnailUrl\":\"https:\/\/www.birgit-dethof.de\/wp-content\/uploads\/2023\/06\/SMF-1.png\",\"datePublished\":\"2023-06-27T18:23:25+00:00\",\"dateModified\":\"2026-04-11T17:52:10+00:00\",\"breadcrumb\":{\"@id\":\"http:\/\/www.birgit-dethof.de\/?page_id=84#breadcrumb\"},\"inLanguage\":\"de\",\"potentialAction\":[{\"@type\":\"ReadAction\",\"target\":[\"http:\/\/www.birgit-dethof.de\/?page_id=84\"]}]},{\"@type\":\"ImageObject\",\"inLanguage\":\"de\",\"@id\":\"http:\/\/www.birgit-dethof.de\/?page_id=84#primaryimage\",\"url\":\"https:\/\/www.birgit-dethof.de\/wp-content\/uploads\/2023\/06\/SMF-1.png\",\"contentUrl\":\"https:\/\/www.birgit-dethof.de\/wp-content\/uploads\/2023\/06\/SMF-1.png\",\"width\":2000,\"height\":1200},{\"@type\":\"BreadcrumbList\",\"@id\":\"http:\/\/www.birgit-dethof.de\/?page_id=84#breadcrumb\",\"itemListElement\":[{\"@type\":\"ListItem\",\"position\":1,\"name\":\"Startseite\",\"item\":\"http:\/\/www.birgit-dethof.de\/\"},{\"@type\":\"ListItem\",\"position\":2,\"name\":\"Mamafitness\"}]},{\"@type\":\"WebSite\",\"@id\":\"http:\/\/www.birgit-dethof.de\/#website\",\"url\":\"http:\/\/www.birgit-dethof.de\/\",\"name\":\"Wohlf&uuml;hlberatung\",\"description\":\"Intuitive Ern&auml;hrung, Mamafitness, &auml;therische &Ouml;le und mehr&hellip;\",\"potentialAction\":[{\"@type\":\"SearchAction\",\"target\":{\"@type\":\"EntryPoint\",\"urlTemplate\":\"http:\/\/www.birgit-dethof.de\/?s={search_term_string}\"},\"query-input\":{\"@type\":\"PropertyValueSpecification\",\"valueRequired\":true,\"valueName\":\"search_term_string\"}}],\"inLanguage\":\"de\"}]}<\/script>\n<!-- \/ Yoast SEO plugin. -->","yoast_head_json":{"title":"Mamafitness - Wohlf&uuml;hlberatung","robots":{"index":"index","follow":"follow","max-snippet":"max-snippet:-1","max-image-preview":"max-image-preview:large","max-video-preview":"max-video-preview:-1"},"canonical":"http:\/\/www.birgit-dethof.de\/?page_id=84","og_locale":"de_DE","og_type":"article","og_title":"Mamafitness - Wohlf&uuml;hlberatung","og_description":"2019 habe ich eine Weiterbildung zur pr\u00e4- und postnatalen Fitnesstrainerin bei SuperMamaFitness gemacht. Ich biete Outdoorfitnesskurse sowohl mit Kinderwagen als auch nur f\u00fcr Mamas an. Wir treffen uns am L\u00fctterbeach in Niederkr\u00fcchten, walken oder joggen jeweils ein St\u00fcck und kr\u00e4ftigen unseren K\u00f6rper mit mehreren Krafteinheiten. Demn\u00e4chst gibt es auch Pilateskurse mit Baby und Schwangerenyoga. Ich &hellip; \u201eMamafitness\u201c weiterlesen","og_url":"http:\/\/www.birgit-dethof.de\/?page_id=84","og_site_name":"Wohlf&uuml;hlberatung","article_modified_time":"2026-04-11T17:52:10+00:00","og_image":[{"width":1024,"height":614,"url":"http:\/\/www.birgit-dethof.de\/wp-content\/uploads\/2023\/06\/SMF-1-1024x614.png","type":"image\/png"}],"twitter_card":"summary_large_image","twitter_misc":{"Gesch\u00e4tzte Lesezeit":"2\u00a0Minuten"},"schema":{"@context":"https:\/\/schema.org","@graph":[{"@type":"WebPage","@id":"http:\/\/www.birgit-dethof.de\/?page_id=84","url":"http:\/\/www.birgit-dethof.de\/?page_id=84","name":"Mamafitness - Wohlf&uuml;hlberatung","isPartOf":{"@id":"http:\/\/www.birgit-dethof.de\/#website"},"primaryImageOfPage":{"@id":"http:\/\/www.birgit-dethof.de\/?page_id=84#primaryimage"},"image":{"@id":"http:\/\/www.birgit-dethof.de\/?page_id=84#primaryimage"},"thumbnailUrl":"https:\/\/www.birgit-dethof.de\/wp-content\/uploads\/2023\/06\/SMF-1.png","datePublished":"2023-06-27T18:23:25+00:00","dateModified":"2026-04-11T17:52:10+00:00","breadcrumb":{"@id":"http:\/\/www.birgit-dethof.de\/?page_id=84#breadcrumb"},"inLanguage":"de","potentialAction":[{"@type":"ReadAction","target":["http:\/\/www.birgit-dethof.de\/?page_id=84"]}]},{"@type":"ImageObject","inLanguage":"de","@id":"http:\/\/www.birgit-dethof.de\/?page_id=84#primaryimage","url":"https:\/\/www.birgit-dethof.de\/wp-content\/uploads\/2023\/06\/SMF-1.png","contentUrl":"https:\/\/www.birgit-dethof.de\/wp-content\/uploads\/2023\/06\/SMF-1.png","width":2000,"height":1200},{"@type":"BreadcrumbList","@id":"http:\/\/www.birgit-dethof.de\/?page_id=84#breadcrumb","itemListElement":[{"@type":"ListItem","position":1,"name":"Startseite","item":"http:\/\/www.birgit-dethof.de\/"},{"@type":"ListItem","position":2,"name":"Mamafitness"}]},{"@type":"WebSite","@id":"http:\/\/www.birgit-dethof.de\/#website","url":"http:\/\/www.birgit-dethof.de\/","name":"Wohlf&uuml;hlberatung","description":"Intuitive Ern&auml;hrung, Mamafitness, &auml;therische &Ouml;le und mehr&hellip;","potentialAction":[{"@type":"SearchAction","target":{"@type":"EntryPoint","urlTemplate":"http:\/\/www.birgit-dethof.de\/?s={search_term_string}"},"query-input":{"@type":"PropertyValueSpecification","valueRequired":true,"valueName":"search_term_string"}}],"inLanguage":"de"}]}},"_links":{"self":[{"href":"https:\/\/www.birgit-dethof.de\/index.php?rest_route=\/wp\/v2\/pages\/84","targetHints":{"allow":["GET"]}}],"collection":[{"href":"https:\/\/www.birgit-dethof.de\/index.php?rest_route=\/wp\/v2\/pages"}],"about":[{"href":"https:\/\/www.birgit-dethof.de\/index.php?rest_route=\/wp\/v2\/types\/page"}],"author":[{"embeddable":true,"href":"https:\/\/www.birgit-dethof.de\/index.php?rest_route=\/wp\/v2\/users\/1"}],"replies":[{"embeddable":true,"href":"https:\/\/www.birgit-dethof.de\/index.php?rest_route=%2Fwp%2Fv2%2Fcomments&post=84"}],"version-history":[{"count":10,"href":"https:\/\/www.birgit-dethof.de\/index.php?rest_route=\/wp\/v2\/pages\/84\/revisions"}],"predecessor-version":[{"id":239,"href":"https:\/\/www.birgit-dethof.de\/index.php?rest_route=\/wp\/v2\/pages\/84\/revisions\/239"}],"wp:featuredmedia":[{"embeddable":true,"href":"https:\/\/www.birgit-dethof.de\/index.php?rest_route=\/wp\/v2\/media\/107"}],"wp:attachment":[{"href":"https:\/\/www.birgit-dethof.de\/index.php?rest_route=%2Fwp%2Fv2%2Fmedia&parent=84"}],"curies":[{"name":"wp","href":"https:\/\/api.w.org\/{rel}","templated":true}]}}