{"id":49,"date":"2023-06-27T17:14:16","date_gmt":"2023-06-27T17:14:16","guid":{"rendered":"http:\/\/www.birgit-dethof.de\/?page_id=49"},"modified":"2026-02-04T12:13:06","modified_gmt":"2026-02-04T12:13:06","slug":"startseite","status":"publish","type":"page","link":"https:\/\/www.birgit-dethof.de\/","title":{"rendered":"Sch\u00f6n, dass du da bist"},"content":{"rendered":"\n<p>Hallo, ich bin Birgit. Ich wohne im Schwalmtal und bin seit 2019 Mama. <br>Ich finde es sehr wichtig, dass man sich in seinem K\u00f6rper wohlf\u00fchlt und deshalb habe ich mir ein 2. Standbein aufgebaut. F\u00fcr mich als Ausgleich zum stressigen Agenturalltag in der Werbebranche, aber viel wichtiger f\u00fcr dich als Ausgleich zum teilweise stressigen Mama-Alltag, als Me-Time.<\/p>\n\n\n\n<p>F\u00fcr mich bedeutet Wohlf\u00fchlen, seinen K\u00f6rper zu lieben und ihn zu feiern f\u00fcr das, was er jeden Tag leistet. Ich f\u00fchle mich wohl, weil ich wei\u00df, was meinem K\u00f6rper gut tut, was ihm bekommt. Dazu geh\u00f6rt intuitives Essen, die richtigen Glaubenss\u00e4tze, mentales Training, Bewegung und tolle \u00e4therische \u00d6le. <\/p>\n\n\n\n<p>Es gibt so viele M\u00f6glichkeiten sich etwas Gutes zu tun und ich m\u00f6chte dich auf deiner Reise gerne unterst\u00fctzen!<\/p>\n","protected":false},"excerpt":{"rendered":"<p>Hallo, ich bin Birgit. Ich wohne im Schwalmtal und bin seit 2019 Mama. Ich finde es sehr wichtig, dass man sich in seinem K\u00f6rper wohlf\u00fchlt und deshalb habe ich mir ein 2. Standbein aufgebaut. F\u00fcr mich als Ausgleich zum stressigen Agenturalltag in der Werbebranche, aber viel wichtiger f\u00fcr dich als Ausgleich zum teilweise stressigen Mama-Alltag, &hellip; <\/p>\n<p class=\"link-more\"><a href=\"https:\/\/www.birgit-dethof.de\/\" class=\"more-link\"><span class=\"screen-reader-text\">\u201eSch\u00f6n, dass du da bist\u201c<\/span> weiterlesen<\/a><\/p>\n","protected":false},"author":1,"featured_media":0,"parent":0,"menu_order":0,"comment_status":"closed","ping_status":"closed","template":"","meta":{"footnotes":""},"class_list":["post-49","page","type-page","status-publish","hentry"],"yoast_head":"<!-- This site is optimized with the Yoast SEO plugin v25.9 - https:\/\/yoast.com\/wordpress\/plugins\/seo\/ -->\n<title>Sch\u00f6n, dass du da bist - Wohlf&uuml;hlberatung<\/title>\n<meta name=\"robots\" content=\"index, follow, max-snippet:-1, max-image-preview:large, max-video-preview:-1\" \/>\n<link rel=\"canonical\" href=\"http:\/\/www.birgit-dethof.de\/\" \/>\n<meta property=\"og:locale\" content=\"de_DE\" \/>\n<meta property=\"og:type\" content=\"article\" \/>\n<meta property=\"og:title\" content=\"Sch\u00f6n, dass du da bist - Wohlf&uuml;hlberatung\" \/>\n<meta property=\"og:description\" content=\"Hallo, ich bin Birgit. Ich wohne im Schwalmtal und bin seit 2019 Mama. Ich finde es sehr wichtig, dass man sich in seinem K\u00f6rper wohlf\u00fchlt und deshalb habe ich mir ein 2. Standbein aufgebaut. F\u00fcr mich als Ausgleich zum stressigen Agenturalltag in der Werbebranche, aber viel wichtiger f\u00fcr dich als Ausgleich zum teilweise stressigen Mama-Alltag, &hellip; \u201eSch\u00f6n, dass du da bist\u201c weiterlesen\" \/>\n<meta property=\"og:url\" content=\"http:\/\/www.birgit-dethof.de\/\" \/>\n<meta property=\"og:site_name\" content=\"Wohlf&uuml;hlberatung\" \/>\n<meta property=\"article:modified_time\" content=\"2026-02-04T12:13:06+00:00\" \/>\n<meta name=\"twitter:card\" content=\"summary_large_image\" \/>\n<meta name=\"twitter:label1\" content=\"Gesch\u00e4tzte Lesezeit\" \/>\n\t<meta name=\"twitter:data1\" content=\"1\u00a0Minute\" \/>\n<script type=\"application\/ld+json\" class=\"yoast-schema-graph\">{\"@context\":\"https:\/\/schema.org\",\"@graph\":[{\"@type\":\"WebPage\",\"@id\":\"http:\/\/www.birgit-dethof.de\/\",\"url\":\"http:\/\/www.birgit-dethof.de\/\",\"name\":\"Sch\u00f6n, dass du da bist - Wohlf&uuml;hlberatung\",\"isPartOf\":{\"@id\":\"http:\/\/www.birgit-dethof.de\/#website\"},\"datePublished\":\"2023-06-27T17:14:16+00:00\",\"dateModified\":\"2026-02-04T12:13:06+00:00\",\"breadcrumb\":{\"@id\":\"http:\/\/www.birgit-dethof.de\/#breadcrumb\"},\"inLanguage\":\"de\",\"potentialAction\":[{\"@type\":\"ReadAction\",\"target\":[\"http:\/\/www.birgit-dethof.de\/\"]}]},{\"@type\":\"BreadcrumbList\",\"@id\":\"http:\/\/www.birgit-dethof.de\/#breadcrumb\",\"itemListElement\":[{\"@type\":\"ListItem\",\"position\":1,\"name\":\"Startseite\",\"item\":\"http:\/\/www.birgit-dethof.de\/\"},{\"@type\":\"ListItem\",\"position\":2,\"name\":\"Sch\u00f6n, dass du da bist\"}]},{\"@type\":\"WebSite\",\"@id\":\"http:\/\/www.birgit-dethof.de\/#website\",\"url\":\"http:\/\/www.birgit-dethof.de\/\",\"name\":\"Wohlf&uuml;hlberatung\",\"description\":\"Intuitive Ern&auml;hrung, Mamafitness, &auml;therische &Ouml;le und mehr&hellip;\",\"potentialAction\":[{\"@type\":\"SearchAction\",\"target\":{\"@type\":\"EntryPoint\",\"urlTemplate\":\"http:\/\/www.birgit-dethof.de\/?s={search_term_string}\"},\"query-input\":{\"@type\":\"PropertyValueSpecification\",\"valueRequired\":true,\"valueName\":\"search_term_string\"}}],\"inLanguage\":\"de\"}]}<\/script>\n<!-- \/ Yoast SEO plugin. -->","yoast_head_json":{"title":"Sch\u00f6n, dass du da bist - Wohlf&uuml;hlberatung","robots":{"index":"index","follow":"follow","max-snippet":"max-snippet:-1","max-image-preview":"max-image-preview:large","max-video-preview":"max-video-preview:-1"},"canonical":"http:\/\/www.birgit-dethof.de\/","og_locale":"de_DE","og_type":"article","og_title":"Sch\u00f6n, dass du da bist - Wohlf&uuml;hlberatung","og_description":"Hallo, ich bin Birgit. Ich wohne im Schwalmtal und bin seit 2019 Mama. Ich finde es sehr wichtig, dass man sich in seinem K\u00f6rper wohlf\u00fchlt und deshalb habe ich mir ein 2. Standbein aufgebaut. F\u00fcr mich als Ausgleich zum stressigen Agenturalltag in der Werbebranche, aber viel wichtiger f\u00fcr dich als Ausgleich zum teilweise stressigen Mama-Alltag, &hellip; \u201eSch\u00f6n, dass du da bist\u201c weiterlesen","og_url":"http:\/\/www.birgit-dethof.de\/","og_site_name":"Wohlf&uuml;hlberatung","article_modified_time":"2026-02-04T12:13:06+00:00","twitter_card":"summary_large_image","twitter_misc":{"Gesch\u00e4tzte Lesezeit":"1\u00a0Minute"},"schema":{"@context":"https:\/\/schema.org","@graph":[{"@type":"WebPage","@id":"http:\/\/www.birgit-dethof.de\/","url":"http:\/\/www.birgit-dethof.de\/","name":"Sch\u00f6n, dass du da bist - Wohlf&uuml;hlberatung","isPartOf":{"@id":"http:\/\/www.birgit-dethof.de\/#website"},"datePublished":"2023-06-27T17:14:16+00:00","dateModified":"2026-02-04T12:13:06+00:00","breadcrumb":{"@id":"http:\/\/www.birgit-dethof.de\/#breadcrumb"},"inLanguage":"de","potentialAction":[{"@type":"ReadAction","target":["http:\/\/www.birgit-dethof.de\/"]}]},{"@type":"BreadcrumbList","@id":"http:\/\/www.birgit-dethof.de\/#breadcrumb","itemListElement":[{"@type":"ListItem","position":1,"name":"Startseite","item":"http:\/\/www.birgit-dethof.de\/"},{"@type":"ListItem","position":2,"name":"Sch\u00f6n, dass du da bist"}]},{"@type":"WebSite","@id":"http:\/\/www.birgit-dethof.de\/#website","url":"http:\/\/www.birgit-dethof.de\/","name":"Wohlf&uuml;hlberatung","description":"Intuitive Ern&auml;hrung, Mamafitness, &auml;therische &Ouml;le und mehr&hellip;","potentialAction":[{"@type":"SearchAction","target":{"@type":"EntryPoint","urlTemplate":"http:\/\/www.birgit-dethof.de\/?s={search_term_string}"},"query-input":{"@type":"PropertyValueSpecification","valueRequired":true,"valueName":"search_term_string"}}],"inLanguage":"de"}]}},"_links":{"self":[{"href":"https:\/\/www.birgit-dethof.de\/index.php?rest_route=\/wp\/v2\/pages\/49","targetHints":{"allow":["GET"]}}],"collection":[{"href":"https:\/\/www.birgit-dethof.de\/index.php?rest_route=\/wp\/v2\/pages"}],"about":[{"href":"https:\/\/www.birgit-dethof.de\/index.php?rest_route=\/wp\/v2\/types\/page"}],"author":[{"embeddable":true,"href":"https:\/\/www.birgit-dethof.de\/index.php?rest_route=\/wp\/v2\/users\/1"}],"replies":[{"embeddable":true,"href":"https:\/\/www.birgit-dethof.de\/index.php?rest_route=%2Fwp%2Fv2%2Fcomments&post=49"}],"version-history":[{"count":7,"href":"https:\/\/www.birgit-dethof.de\/index.php?rest_route=\/wp\/v2\/pages\/49\/revisions"}],"predecessor-version":[{"id":219,"href":"https:\/\/www.birgit-dethof.de\/index.php?rest_route=\/wp\/v2\/pages\/49\/revisions\/219"}],"wp:attachment":[{"href":"https:\/\/www.birgit-dethof.de\/index.php?rest_route=%2Fwp%2Fv2%2Fmedia&parent=49"}],"curies":[{"name":"wp","href":"https:\/\/api.w.org\/{rel}","templated":true}]}}